{"id":109,"date":"2024-02-21T23:47:54","date_gmt":"2024-02-21T23:47:54","guid":{"rendered":"https:\/\/mv2-istanbul.com\/e-books\/"},"modified":"2025-05-13T18:06:04","modified_gmt":"2025-05-13T18:06:04","slug":"magaza","status":"publish","type":"page","link":"https:\/\/mv2-istanbul.com\/en\/magaza\/","title":{"rendered":"Shop"},"content":{"rendered":"<div data-elementor-type=\"wp-page\" data-elementor-id=\"109\" class=\"elementor elementor-109\" data-elementor-post-type=\"page\">\n\t\t\t\t<div class=\"elementor-element elementor-element-99dcff4 e-flex e-con-boxed e-con e-parent\" data-id=\"99dcff4\" data-element_type=\"container\">\n\t\t\t\t\t<div class=\"e-con-inner\">\n\t\t\t\t<div class=\"elementor-element elementor-element-90c19cd elementor-widget__width-auto elementor-absolute elementor-view-default elementor-widget elementor-widget-icon\" data-id=\"90c19cd\" data-element_type=\"widget\" data-settings=\"{&quot;_position&quot;:&quot;absolute&quot;}\" data-widget_type=\"icon.default\">\n\t\t\t\t<div class=\"elementor-widget-container\">\n\t\t\t\t\t\t\t<div class=\"elementor-icon-wrapper\">\n\t\t\t<div class=\"elementor-icon\">\n\t\t\t<svg xmlns=\"http:\/\/www.w3.org\/2000\/svg\" id=\"bd9a937a-60f3-4c44-ad7c-dcb28e2de4ed\" data-name=\"Layer 1\" width=\"1216\" height=\"1216\" viewbox=\"0 0 1216 1216\"><g id=\"a8d78863-61ea-4b6b-9902-1eb669df0752\" data-name=\"Design\"><path id=\"bb8d365d-81e6-4e2d-abba-4e6b80f1088f\" data-name=\"Oval\" d=\"M608,0C272.2109,0,0,272.2109,0,608s272.2109,608,608,608,608-272.2109,608-608S943.7891,0,608,0Zm0,80c291.6063,0,528,236.3936,528,528s-236.3937,528-528,528S80,899.6063,80,608,316.3936,80,608,80Z\"><\/path><\/g><\/svg>\t\t\t<\/div>\n\t\t<\/div>\n\t\t\t\t\t\t<\/div>\n\t\t\t\t<\/div>\n\t\t\t\t<div class=\"elementor-element elementor-element-37caaa3 elementor-widget elementor-widget-spacer\" data-id=\"37caaa3\" data-element_type=\"widget\" data-widget_type=\"spacer.default\">\n\t\t\t\t<div class=\"elementor-widget-container\">\n\t\t\t\t\t\t\t<div class=\"elementor-spacer\">\n\t\t\t<div class=\"elementor-spacer-inner\"><\/div>\n\t\t<\/div>\n\t\t\t\t\t\t<\/div>\n\t\t\t\t<\/div>\n\t\t\t\t<div class=\"elementor-element elementor-element-4cf8deb elementor-widget elementor-widget-text-editor\" data-id=\"4cf8deb\" data-element_type=\"widget\" data-widget_type=\"text-editor.default\">\n\t\t\t\t<div class=\"elementor-widget-container\">\n\t\t\t\t\t\t\t\t\t<p>Ma\u011fazam\u0131zda g\u00fcvenilir ve h\u0131zl\u0131 bir \u015fekilde E-Pin sat\u0131n alabilirsiniz. Oyunlar\u0131n\u0131za, dijital i\u00e7eriklere ve aboneliklere an\u0131nda eri\u015fim sa\u011flamak i\u00e7in ideal olan E-Pinleri, geni\u015f \u00fcr\u00fcn yelpazemizde bulabilirsiniz.<\/p>\t\t\t\t\t\t\t\t<\/div>\n\t\t\t\t<\/div>\n\t\t\t\t\t<\/div>\n\t\t\t\t<\/div>\n\t\t<div class=\"elementor-element elementor-element-f057850 e-flex e-con-boxed e-con e-parent\" data-id=\"f057850\" data-element_type=\"container\">\n\t\t\t\t\t<div class=\"e-con-inner\">\n\t\t<div class=\"elementor-element elementor-element-f9ebfcb e-con-full e-flex e-con e-child\" data-id=\"f9ebfcb\" data-element_type=\"container\">\n\t\t\t\t<div class=\"elementor-element elementor-element-0eb2d58 elementor-product-loop-item--align-center elementor-grid-4 elementor-grid-tablet-3 elementor-grid-mobile-2 elementor-products-grid elementor-wc-products elementor-show-pagination-border-yes elementor-widget elementor-widget-woocommerce-products\" data-id=\"0eb2d58\" data-element_type=\"widget\" data-widget_type=\"woocommerce-products.default\">\n\t\t\t\t<div class=\"elementor-widget-container\">\n\t\t\t\t\t<div class=\"woocommerce columns-4\"><div class=\"woocommerce-notices-wrapper\"><\/div><p class=\"woocommerce-result-count\" role=\"alert\" aria-relevant=\"all\" data-is-sorted-by=\"true\">\n\tShowing all 4 results<span class=\"screen-reader-text\" data-no-translation=\"\" data-trp-gettext=\"\">Sorted by price: low to high<\/span><\/p>\n<form class=\"woocommerce-ordering\" method=\"get\" action=\"\">\n\t\t<select\n\t\tname=\"orderby\"\n\t\tclass=\"orderby\"\n\t\t\t\t\taria-label=\"Shop order\" data-no-translation-aria-label=\"\"\n\t\t\t>\n\t\t\t\t\t<option value=\"popularity\" data-no-translation=\"\" data-trp-gettext=\"\" >Sort by popularity<\/option>\n\t\t\t\t\t<option value=\"rating\" data-no-translation=\"\" data-trp-gettext=\"\" >Sort by average rating<\/option>\n\t\t\t\t\t<option value=\"date\" data-no-translation=\"\" data-trp-gettext=\"\" >Sort by latest<\/option>\n\t\t\t\t\t<option value=\"price\"  selected='selected' data-no-translation=\"\" data-trp-gettext=\"\">Sort by price: low to high<\/option>\n\t\t\t\t\t<option value=\"price-desc\" data-no-translation=\"\" data-trp-gettext=\"\" >Sort by price: high to low<\/option>\n\t\t\t<\/select>\n\t<input type=\"hidden\" name=\"paged\" value=\"1\" \/>\n\t<input type=\"hidden\" name=\"trp-form-language\" value=\"en\"\/><\/form>\n<ul class=\"products elementor-grid columns-4\">\n<li class=\"product type-product post-833 status-publish first outofstock product_cat-tum-urunler has-post-thumbnail sale virtual purchasable product-type-simple\">\n\t<a href=\"https:\/\/mv2-istanbul.com\/en\/product\/league-of-legends-200-rp\/\" class=\"woocommerce-LoopProduct-link woocommerce-loop-product__link\">\n\t<span class=\"onsale\" data-no-translation=\"\" data-trp-gettext=\"\">Sale!<\/span>\n\t<img fetchpriority=\"high\" decoding=\"async\" width=\"300\" height=\"300\" src=\"https:\/\/mv2-istanbul.com\/wp-content\/uploads\/2024\/02\/Gemini_Generated_Image_84247g84247g8424-300x300.jpeg\" class=\"attachment-woocommerce_thumbnail size-woocommerce_thumbnail\" alt=\"Haz\u0131rlan\u0131yor\" srcset=\"https:\/\/mv2-istanbul.com\/wp-content\/uploads\/2024\/02\/Gemini_Generated_Image_84247g84247g8424-300x300.jpeg 300w, https:\/\/mv2-istanbul.com\/wp-content\/uploads\/2024\/02\/Gemini_Generated_Image_84247g84247g8424-1024x1024.jpeg 1024w, https:\/\/mv2-istanbul.com\/wp-content\/uploads\/2024\/02\/Gemini_Generated_Image_84247g84247g8424-150x150.jpeg 150w, https:\/\/mv2-istanbul.com\/wp-content\/uploads\/2024\/02\/Gemini_Generated_Image_84247g84247g8424-768x768.jpeg 768w, https:\/\/mv2-istanbul.com\/wp-content\/uploads\/2024\/02\/Gemini_Generated_Image_84247g84247g8424-1536x1536.jpeg 1536w, https:\/\/mv2-istanbul.com\/wp-content\/uploads\/2024\/02\/Gemini_Generated_Image_84247g84247g8424-600x600.jpeg 600w, https:\/\/mv2-istanbul.com\/wp-content\/uploads\/2024\/02\/Gemini_Generated_Image_84247g84247g8424-100x100.jpeg 100w, https:\/\/mv2-istanbul.com\/wp-content\/uploads\/2024\/02\/Gemini_Generated_Image_84247g84247g8424.jpeg 2048w\" sizes=\"(max-width: 300px) 100vw, 300px\" \/><h2 class=\"woocommerce-loop-product__title\">Haz\u0131rlan\u0131yor<\/h2>\n\t<span class=\"price\"><del aria-hidden=\"true\"><span class=\"woocommerce-Price-amount amount\"><bdi><span class=\"woocommerce-Price-currencySymbol\">&#8378;<\/span>33,00<\/bdi><\/span><\/del> <span class=\"screen-reader-text\" data-no-translation=\"\" data-trp-gettext=\"\">Original price was: &#8378;33,00.<\/span><ins aria-hidden=\"true\"><span class=\"woocommerce-Price-amount amount\"><bdi><span class=\"woocommerce-Price-currencySymbol\">&#8378;<\/span>26,00<\/bdi><\/span><\/ins><span class=\"screen-reader-text\" data-no-translation=\"\" data-trp-gettext=\"\">Current price is: &#8378;26,00.<\/span><\/span>\n<\/a><div class=\"woocommerce-loop-product__buttons\"><a href=\"https:\/\/mv2-istanbul.com\/en\/product\/league-of-legends-200-rp\/\" aria-describedby=\"woocommerce_loop_add_to_cart_link_describedby_833\" data-quantity=\"1\" class=\"button product_type_simple\" data-product_id=\"833\" data-product_sku=\"lol-200\" aria-label=\"Read more about \u201cHaz\u0131rlan\u0131yor\u201d\" rel=\"nofollow\" data-success_message=\"\" data-no-translation=\"\" data-trp-gettext=\"\" data-no-translation-aria-label=\"\">Read more<\/a><\/div>\t<span id=\"woocommerce_loop_add_to_cart_link_describedby_833\" class=\"screen-reader-text\">\n\t\t\t<\/span>\n<\/li>\n<li class=\"product type-product post-835 status-publish instock product_cat-erkek product_cat-tum-urunler has-post-thumbnail sale virtual purchasable product-type-simple\">\n\t<a href=\"https:\/\/mv2-istanbul.com\/en\/product\/league-of-legends-850-rp\/\" class=\"woocommerce-LoopProduct-link woocommerce-loop-product__link\">\n\t<span class=\"onsale\" data-no-translation=\"\" data-trp-gettext=\"\">Sale!<\/span>\n\t<img decoding=\"async\" width=\"300\" height=\"300\" src=\"https:\/\/mv2-istanbul.com\/wp-content\/uploads\/2024\/02\/Gemini_Generated_Image_okq5tyokq5tyokq5-300x300.jpeg\" class=\"attachment-woocommerce_thumbnail size-woocommerce_thumbnail\" alt=\"&quot;Atlas&quot; \u00c7ok Fonksiyonlu Ak\u0131ll\u0131 Saat\" srcset=\"https:\/\/mv2-istanbul.com\/wp-content\/uploads\/2024\/02\/Gemini_Generated_Image_okq5tyokq5tyokq5-300x300.jpeg 300w, https:\/\/mv2-istanbul.com\/wp-content\/uploads\/2024\/02\/Gemini_Generated_Image_okq5tyokq5tyokq5-1024x1024.jpeg 1024w, https:\/\/mv2-istanbul.com\/wp-content\/uploads\/2024\/02\/Gemini_Generated_Image_okq5tyokq5tyokq5-150x150.jpeg 150w, https:\/\/mv2-istanbul.com\/wp-content\/uploads\/2024\/02\/Gemini_Generated_Image_okq5tyokq5tyokq5-768x768.jpeg 768w, https:\/\/mv2-istanbul.com\/wp-content\/uploads\/2024\/02\/Gemini_Generated_Image_okq5tyokq5tyokq5-1536x1536.jpeg 1536w, https:\/\/mv2-istanbul.com\/wp-content\/uploads\/2024\/02\/Gemini_Generated_Image_okq5tyokq5tyokq5-600x600.jpeg 600w, https:\/\/mv2-istanbul.com\/wp-content\/uploads\/2024\/02\/Gemini_Generated_Image_okq5tyokq5tyokq5-100x100.jpeg 100w, https:\/\/mv2-istanbul.com\/wp-content\/uploads\/2024\/02\/Gemini_Generated_Image_okq5tyokq5tyokq5.jpeg 2048w\" sizes=\"(max-width: 300px) 100vw, 300px\" \/><h2 class=\"woocommerce-loop-product__title\">&#8220;Atlas&#8221; \u00c7ok Fonksiyonlu Ak\u0131ll\u0131 Saat<\/h2>\n\t<span class=\"price\"><del aria-hidden=\"true\"><span class=\"woocommerce-Price-amount amount\"><bdi><span class=\"woocommerce-Price-currencySymbol\">&#8378;<\/span>999,00<\/bdi><\/span><\/del> <span class=\"screen-reader-text\" data-no-translation=\"\" data-trp-gettext=\"\">Original price was: &#8378;999,00.<\/span><ins aria-hidden=\"true\"><span class=\"woocommerce-Price-amount amount\"><bdi><span class=\"woocommerce-Price-currencySymbol\">&#8378;<\/span>399,00<\/bdi><\/span><\/ins><span class=\"screen-reader-text\" data-no-translation=\"\" data-trp-gettext=\"\">Current price is: &#8378;399,00.<\/span><\/span>\n<\/a><div class=\"woocommerce-loop-product__buttons\"><a href=\"\/en\/wp-json\/wp\/v2\/pages\/109?add-to-cart=835\" aria-describedby=\"woocommerce_loop_add_to_cart_link_describedby_835\" data-quantity=\"1\" class=\"button product_type_simple add_to_cart_button ajax_add_to_cart\" data-product_id=\"835\" data-product_sku=\"lol-850\" aria-label=\"Add to cart: \u201c&quot;Atlas&quot; \u00c7ok Fonksiyonlu Ak\u0131ll\u0131 Saat\u201d\" rel=\"nofollow\" data-success_message=\"\u201c&quot;Atlas&quot; \u00c7ok Fonksiyonlu Ak\u0131ll\u0131 Saat\u201d has been added to your cart\" role=\"button\" data-no-translation=\"\" data-trp-gettext=\"\" data-no-translation-aria-label=\"\" data-no-translation-data-success_message=\"\">Add to cart<\/a><\/div>\t<span id=\"woocommerce_loop_add_to_cart_link_describedby_835\" class=\"screen-reader-text\">\n\t\t\t<\/span>\n<\/li>\n<li class=\"product type-product post-837 status-publish instock product_cat-erkek product_cat-tum-urunler has-post-thumbnail sale virtual purchasable product-type-simple\">\n\t<a href=\"https:\/\/mv2-istanbul.com\/en\/product\/league-of-legends-1675-rp\/\" class=\"woocommerce-LoopProduct-link woocommerce-loop-product__link\">\n\t<span class=\"onsale\" data-no-translation=\"\" data-trp-gettext=\"\">Sale!<\/span>\n\t<img decoding=\"async\" width=\"300\" height=\"300\" src=\"https:\/\/mv2-istanbul.com\/wp-content\/uploads\/2024\/02\/Gemini_Generated_Image_blmuqcblmuqcblmu-300x300.jpeg\" class=\"attachment-woocommerce_thumbnail size-woocommerce_thumbnail\" alt=\"&quot;Viking&quot; Deri Bot\" srcset=\"https:\/\/mv2-istanbul.com\/wp-content\/uploads\/2024\/02\/Gemini_Generated_Image_blmuqcblmuqcblmu-300x300.jpeg 300w, https:\/\/mv2-istanbul.com\/wp-content\/uploads\/2024\/02\/Gemini_Generated_Image_blmuqcblmuqcblmu-1024x1024.jpeg 1024w, https:\/\/mv2-istanbul.com\/wp-content\/uploads\/2024\/02\/Gemini_Generated_Image_blmuqcblmuqcblmu-150x150.jpeg 150w, https:\/\/mv2-istanbul.com\/wp-content\/uploads\/2024\/02\/Gemini_Generated_Image_blmuqcblmuqcblmu-768x768.jpeg 768w, https:\/\/mv2-istanbul.com\/wp-content\/uploads\/2024\/02\/Gemini_Generated_Image_blmuqcblmuqcblmu-1536x1536.jpeg 1536w, https:\/\/mv2-istanbul.com\/wp-content\/uploads\/2024\/02\/Gemini_Generated_Image_blmuqcblmuqcblmu-600x600.jpeg 600w, https:\/\/mv2-istanbul.com\/wp-content\/uploads\/2024\/02\/Gemini_Generated_Image_blmuqcblmuqcblmu-100x100.jpeg 100w, https:\/\/mv2-istanbul.com\/wp-content\/uploads\/2024\/02\/Gemini_Generated_Image_blmuqcblmuqcblmu.jpeg 2048w\" sizes=\"(max-width: 300px) 100vw, 300px\" \/><h2 class=\"woocommerce-loop-product__title\">&#8220;Viking&#8221; Deri Bot<\/h2>\n\t<span class=\"price\"><del aria-hidden=\"true\"><span class=\"woocommerce-Price-amount amount\"><bdi><span class=\"woocommerce-Price-currencySymbol\">&#8378;<\/span>999,00<\/bdi><\/span><\/del> <span class=\"screen-reader-text\" data-no-translation=\"\" data-trp-gettext=\"\">Original price was: &#8378;999,00.<\/span><ins aria-hidden=\"true\"><span class=\"woocommerce-Price-amount amount\"><bdi><span class=\"woocommerce-Price-currencySymbol\">&#8378;<\/span>499,00<\/bdi><\/span><\/ins><span class=\"screen-reader-text\" data-no-translation=\"\" data-trp-gettext=\"\">Current price is: &#8378;499,00.<\/span><\/span>\n<\/a><div class=\"woocommerce-loop-product__buttons\"><a href=\"\/en\/wp-json\/wp\/v2\/pages\/109?add-to-cart=837\" aria-describedby=\"woocommerce_loop_add_to_cart_link_describedby_837\" data-quantity=\"1\" class=\"button product_type_simple add_to_cart_button ajax_add_to_cart\" data-product_id=\"837\" data-product_sku=\"lol-1675\" aria-label=\"Add to cart: \u201c&quot;Viking&quot; Deri Bot\u201d\" rel=\"nofollow\" data-success_message=\"\u201c&quot;Viking&quot; Deri Bot\u201d has been added to your cart\" role=\"button\" data-no-translation=\"\" data-trp-gettext=\"\" data-no-translation-aria-label=\"\" data-no-translation-data-success_message=\"\">Add to cart<\/a><\/div>\t<span id=\"woocommerce_loop_add_to_cart_link_describedby_837\" class=\"screen-reader-text\">\n\t\t\t<\/span>\n<\/li>\n<li class=\"product type-product post-829 status-publish last instock product_cat-aksesuar product_cat-tum-urunler has-post-thumbnail sale virtual purchasable product-type-simple\">\n\t<a href=\"https:\/\/mv2-istanbul.com\/en\/product\/pubg-mobile-1800-uc\/\" class=\"woocommerce-LoopProduct-link woocommerce-loop-product__link\">\n\t<span class=\"onsale\" data-no-translation=\"\" data-trp-gettext=\"\">Sale!<\/span>\n\t<img fetchpriority=\"high\" decoding=\"async\" width=\"300\" height=\"300\" src=\"https:\/\/mv2-istanbul.com\/wp-content\/uploads\/2024\/02\/Gemini_Generated_Image_84247g84247g8424-300x300.jpeg\" class=\"attachment-woocommerce_thumbnail size-woocommerce_thumbnail\" alt=\"Haz\u0131rlan\u0131yor\" srcset=\"https:\/\/mv2-istanbul.com\/wp-content\/uploads\/2024\/02\/Gemini_Generated_Image_84247g84247g8424-300x300.jpeg 300w, https:\/\/mv2-istanbul.com\/wp-content\/uploads\/2024\/02\/Gemini_Generated_Image_84247g84247g8424-1024x1024.jpeg 1024w, https:\/\/mv2-istanbul.com\/wp-content\/uploads\/2024\/02\/Gemini_Generated_Image_84247g84247g8424-150x150.jpeg 150w, https:\/\/mv2-istanbul.com\/wp-content\/uploads\/2024\/02\/Gemini_Generated_Image_84247g84247g8424-768x768.jpeg 768w, https:\/\/mv2-istanbul.com\/wp-content\/uploads\/2024\/02\/Gemini_Generated_Image_84247g84247g8424-1536x1536.jpeg 1536w, https:\/\/mv2-istanbul.com\/wp-content\/uploads\/2024\/02\/Gemini_Generated_Image_84247g84247g8424-600x600.jpeg 600w, https:\/\/mv2-istanbul.com\/wp-content\/uploads\/2024\/02\/Gemini_Generated_Image_84247g84247g8424-100x100.jpeg 100w, https:\/\/mv2-istanbul.com\/wp-content\/uploads\/2024\/02\/Gemini_Generated_Image_84247g84247g8424.jpeg 2048w\" sizes=\"(max-width: 300px) 100vw, 300px\" \/><h2 class=\"woocommerce-loop-product__title\">Haz\u0131rlan\u0131yor<\/h2>\n\t<span class=\"price\"><del aria-hidden=\"true\"><span class=\"woocommerce-Price-amount amount\"><bdi><span class=\"woocommerce-Price-currencySymbol\">&#8378;<\/span>650,00<\/bdi><\/span><\/del> <span class=\"screen-reader-text\" data-no-translation=\"\" data-trp-gettext=\"\">Original price was: &#8378;650,00.<\/span><ins aria-hidden=\"true\"><span class=\"woocommerce-Price-amount amount\"><bdi><span class=\"woocommerce-Price-currencySymbol\">&#8378;<\/span>572,00<\/bdi><\/span><\/ins><span class=\"screen-reader-text\" data-no-translation=\"\" data-trp-gettext=\"\">Current price is: &#8378;572,00.<\/span><\/span>\n<\/a><div class=\"woocommerce-loop-product__buttons\"><a href=\"\/en\/wp-json\/wp\/v2\/pages\/109?add-to-cart=829\" aria-describedby=\"woocommerce_loop_add_to_cart_link_describedby_829\" data-quantity=\"1\" class=\"button product_type_simple add_to_cart_button ajax_add_to_cart\" data-product_id=\"829\" data-product_sku=\"pubgmobile-1800\" aria-label=\"Add to cart: \u201cHaz\u0131rlan\u0131yor\u201d\" rel=\"nofollow\" data-success_message=\"\u201cHaz\u0131rlan\u0131yor\u201d has been added to your cart\" role=\"button\" data-no-translation=\"\" data-trp-gettext=\"\" data-no-translation-aria-label=\"\" data-no-translation-data-success_message=\"\">Add to cart<\/a><\/div>\t<span id=\"woocommerce_loop_add_to_cart_link_describedby_829\" class=\"screen-reader-text\">\n\t\t\t<\/span>\n<\/li>\n<\/ul>\n<\/div>\t\t\t\t<\/div>\n\t\t\t\t<\/div>\n\t\t\t\t<\/div>\n\t\t\t\t\t<\/div>\n\t\t\t\t<\/div>\n\t\t\t\t<\/div>","protected":false},"excerpt":{"rendered":"<p>Ma\u011fazam\u0131zda g\u00fcvenilir ve h\u0131zl\u0131 bir \u015fekilde E-Pin sat\u0131n alabilirsiniz. Oyunlar\u0131n\u0131za, dijital i\u00e7eriklere ve aboneliklere an\u0131nda eri\u015fim sa\u011flamak i\u00e7in ideal olan E-Pinleri, geni\u015f \u00fcr\u00fcn yelpazemizde bulabilirsiniz.<\/p>","protected":false},"author":1,"featured_media":112,"parent":0,"menu_order":0,"comment_status":"closed","ping_status":"closed","template":"elementor_header_footer","meta":{"footnotes":""},"class_list":["post-109","page","type-page","status-publish","has-post-thumbnail","hentry"],"_links":{"self":[{"href":"https:\/\/mv2-istanbul.com\/en\/wp-json\/wp\/v2\/pages\/109","targetHints":{"allow":["GET"]}}],"collection":[{"href":"https:\/\/mv2-istanbul.com\/en\/wp-json\/wp\/v2\/pages"}],"about":[{"href":"https:\/\/mv2-istanbul.com\/en\/wp-json\/wp\/v2\/types\/page"}],"author":[{"embeddable":true,"href":"https:\/\/mv2-istanbul.com\/en\/wp-json\/wp\/v2\/users\/1"}],"replies":[{"embeddable":true,"href":"https:\/\/mv2-istanbul.com\/en\/wp-json\/wp\/v2\/comments?post=109"}],"version-history":[{"count":167,"href":"https:\/\/mv2-istanbul.com\/en\/wp-json\/wp\/v2\/pages\/109\/revisions"}],"predecessor-version":[{"id":1334,"href":"https:\/\/mv2-istanbul.com\/en\/wp-json\/wp\/v2\/pages\/109\/revisions\/1334"}],"wp:featuredmedia":[{"embeddable":true,"href":"https:\/\/mv2-istanbul.com\/en\/wp-json\/wp\/v2\/media\/112"}],"wp:attachment":[{"href":"https:\/\/mv2-istanbul.com\/en\/wp-json\/wp\/v2\/media?parent=109"}],"curies":[{"name":"wp","href":"https:\/\/api.w.org\/{rel}","templated":true}]}}