{"id":835,"date":"2024-02-24T14:38:47","date_gmt":"2024-02-24T14:38:47","guid":{"rendered":"https:\/\/mv2-istanbul.com\/?post_type=product&#038;p=835"},"modified":"2025-05-13T18:35:50","modified_gmt":"2025-05-13T18:35:50","slug":"league-of-legends-850-rp","status":"publish","type":"product","link":"https:\/\/mv2-istanbul.com\/en\/product\/league-of-legends-850-rp\/","title":{"rendered":"&#8220;Atlas&#8221; \u00c7ok Fonksiyonlu Ak\u0131ll\u0131 Saat"},"content":{"rendered":"<p>&#8220;Atlas&#8221; ak\u0131ll\u0131 saat, modern teknolojiyi \u015f\u0131k bir tasar\u0131mla birle\u015ftirerek aktif ya\u015fam tarz\u0131n\u0131za m\u00fckemmel uyum sa\u011flar. Dahili GPS ile rotalar\u0131n\u0131z\u0131 takip edebilir, hassas nab\u0131z \u00f6l\u00e7eri ile sa\u011fl\u0131k verilerinizi anl\u0131k olarak izleyebilirsiniz. Uyku takibi \u00f6zelli\u011fi dinlenme d\u00fczeninizi anlaman\u0131za yard\u0131mc\u0131 olurken, suya dayan\u0131kl\u0131 yap\u0131s\u0131 ve uzun \u00f6m\u00fcrl\u00fc bataryas\u0131 g\u00fcn boyu yan\u0131n\u0131zda olmas\u0131n\u0131 sa\u011flar. Farkl\u0131 spor modlar\u0131 ve ak\u0131ll\u0131 bildirimler sayesinde hayat\u0131n\u0131z\u0131 kolayla\u015ft\u0131r\u0131r.<\/p>","protected":false},"excerpt":{"rendered":"<p>GPS, nab\u0131z \u00f6l\u00e7er, uyku takibi \u00f6zellikli, suya dayan\u0131kl\u0131 ak\u0131ll\u0131 saat. Aktif ya\u015fam\u0131n\u0131z i\u00e7in tasarland\u0131.<\/p>","protected":false},"featured_media":1353,"comment_status":"open","ping_status":"closed","template":"","meta":[],"product_brand":[],"product_cat":[23,55],"product_tag":[],"class_list":{"0":"post-835","1":"product","2":"type-product","3":"status-publish","4":"has-post-thumbnail","6":"product_cat-tum-urunler","7":"product_cat-erkek","9":"first","10":"instock","11":"sale","12":"virtual","13":"purchasable","14":"product-type-simple"},"_links":{"self":[{"href":"https:\/\/mv2-istanbul.com\/en\/wp-json\/wp\/v2\/product\/835","targetHints":{"allow":["GET"]}}],"collection":[{"href":"https:\/\/mv2-istanbul.com\/en\/wp-json\/wp\/v2\/product"}],"about":[{"href":"https:\/\/mv2-istanbul.com\/en\/wp-json\/wp\/v2\/types\/product"}],"replies":[{"embeddable":true,"href":"https:\/\/mv2-istanbul.com\/en\/wp-json\/wp\/v2\/comments?post=835"}],"wp:featuredmedia":[{"embeddable":true,"href":"https:\/\/mv2-istanbul.com\/en\/wp-json\/wp\/v2\/media\/1353"}],"wp:attachment":[{"href":"https:\/\/mv2-istanbul.com\/en\/wp-json\/wp\/v2\/media?parent=835"}],"wp:term":[{"taxonomy":"product_brand","embeddable":true,"href":"https:\/\/mv2-istanbul.com\/en\/wp-json\/wp\/v2\/product_brand?post=835"},{"taxonomy":"product_cat","embeddable":true,"href":"https:\/\/mv2-istanbul.com\/en\/wp-json\/wp\/v2\/product_cat?post=835"},{"taxonomy":"product_tag","embeddable":true,"href":"https:\/\/mv2-istanbul.com\/en\/wp-json\/wp\/v2\/product_tag?post=835"}],"curies":[{"name":"wp","href":"https:\/\/api.w.org\/{rel}","templated":true}]}}