{"id":101,"date":"2024-02-21T23:47:50","date_gmt":"2024-02-21T23:47:50","guid":{"rendered":"https:\/\/mv2-istanbul.com\/contact\/"},"modified":"2025-05-13T22:07:22","modified_gmt":"2025-05-13T22:07:22","slug":"iletisim","status":"publish","type":"page","link":"https:\/\/mv2-istanbul.com\/fr\/iletisim\/","title":{"rendered":"Contact"},"content":{"rendered":"<div data-elementor-type=\"wp-page\" data-elementor-id=\"101\" class=\"elementor elementor-101\" data-elementor-post-type=\"page\">\n\t\t\t\t\t\t<section class=\"elementor-section elementor-top-section elementor-element elementor-element-3f7adbfd elementor-section-height-min-height elementor-section-items-stretch elementor-section-boxed elementor-section-height-default\" data-id=\"3f7adbfd\" data-element_type=\"section\">\n\t\t\t\t\t\t<div class=\"elementor-container elementor-column-gap-default\">\n\t\t\t\t\t<div class=\"elementor-column elementor-col-50 elementor-top-column elementor-element elementor-element-5c04d4eb\" data-id=\"5c04d4eb\" data-element_type=\"column\">\n\t\t\t<div class=\"elementor-widget-wrap elementor-element-populated\">\n\t\t\t\t\t\t<div class=\"elementor-element elementor-element-4ea407d2 elementor-widget__width-auto elementor-absolute elementor-view-default elementor-widget elementor-widget-icon\" data-id=\"4ea407d2\" data-element_type=\"widget\" data-settings=\"{&quot;_position&quot;:&quot;absolute&quot;}\" data-widget_type=\"icon.default\">\n\t\t\t\t<div class=\"elementor-widget-container\">\n\t\t\t\t\t\t\t<div class=\"elementor-icon-wrapper\">\n\t\t\t<div class=\"elementor-icon\">\n\t\t\t<svg xmlns=\"http:\/\/www.w3.org\/2000\/svg\" id=\"bd9a937a-60f3-4c44-ad7c-dcb28e2de4ed\" data-name=\"Layer 1\" width=\"1216\" height=\"1216\" viewbox=\"0 0 1216 1216\"><g id=\"a8d78863-61ea-4b6b-9902-1eb669df0752\" data-name=\"Design\"><path id=\"bb8d365d-81e6-4e2d-abba-4e6b80f1088f\" data-name=\"Oval\" d=\"M608,0C272.2109,0,0,272.2109,0,608s272.2109,608,608,608,608-272.2109,608-608S943.7891,0,608,0Zm0,80c291.6063,0,528,236.3936,528,528s-236.3937,528-528,528S80,899.6063,80,608,316.3936,80,608,80Z\"><\/path><\/g><\/svg>\t\t\t<\/div>\n\t\t<\/div>\n\t\t\t\t\t\t<\/div>\n\t\t\t\t<\/div>\n\t\t\t\t\t<\/div>\n\t\t<\/div>\n\t\t\t\t<div class=\"elementor-column elementor-col-50 elementor-top-column elementor-element elementor-element-47e85930\" data-id=\"47e85930\" data-element_type=\"column\">\n\t\t\t<div class=\"elementor-widget-wrap elementor-element-populated\">\n\t\t\t\t\t\t<div class=\"elementor-element elementor-element-5db9bf42 elementor-widget elementor-widget-heading\" data-id=\"5db9bf42\" data-element_type=\"widget\" data-widget_type=\"heading.default\">\n\t\t\t\t<div class=\"elementor-widget-container\">\n\t\t\t\t\t<h3 class=\"elementor-heading-title elementor-size-default\">Nous contacter<\/h3>\t\t\t\t<\/div>\n\t\t\t\t<\/div>\n\t\t\t\t<div class=\"elementor-element elementor-element-1759ad6c elementor-widget elementor-widget-heading\" data-id=\"1759ad6c\" data-element_type=\"widget\" data-widget_type=\"heading.default\">\n\t\t\t\t<div class=\"elementor-widget-container\">\n\t\t\t\t\t<h1 class=\"elementor-heading-title elementor-size-default\">Nous sommes l\u00e0 pour vous aider !<\/h1>\t\t\t\t<\/div>\n\t\t\t\t<\/div>\n\t\t\t\t\t<\/div>\n\t\t<\/div>\n\t\t\t\t\t<\/div>\n\t\t<\/section>\n\t\t\t\t<section class=\"elementor-section elementor-top-section elementor-element elementor-element-485574ef elementor-reverse-tablet elementor-reverse-mobile elementor-section-boxed elementor-section-height-default elementor-section-height-default\" data-id=\"485574ef\" data-element_type=\"section\">\n\t\t\t\t\t\t<div class=\"elementor-container elementor-column-gap-custom\">\n\t\t\t\t\t<div class=\"elementor-column elementor-col-50 elementor-top-column elementor-element elementor-element-2982493a elementor-hidden-tablet\" data-id=\"2982493a\" data-element_type=\"column\">\n\t\t\t<div class=\"elementor-widget-wrap elementor-element-populated\">\n\t\t\t\t\t\t<div class=\"elementor-element elementor-element-1408ee7 elementor-widget elementor-widget-image\" data-id=\"1408ee7\" data-element_type=\"widget\" data-widget_type=\"image.default\">\n\t\t\t\t<div class=\"elementor-widget-container\">\n\t\t\t\t\t\t\t\t\t\t\t\t\t\t\t<img fetchpriority=\"high\" decoding=\"async\" width=\"2048\" height=\"2048\" src=\"https:\/\/mv2-istanbul.com\/wp-content\/uploads\/2025\/05\/Gemini_Generated_Image_7w5hc27w5hc27w5h.jpeg\" class=\"attachment-full size-full wp-image-1432\" alt=\"\" srcset=\"https:\/\/mv2-istanbul.com\/wp-content\/uploads\/2025\/05\/Gemini_Generated_Image_7w5hc27w5hc27w5h.jpeg 2048w, https:\/\/mv2-istanbul.com\/wp-content\/uploads\/2025\/05\/Gemini_Generated_Image_7w5hc27w5hc27w5h-300x300.jpeg 300w, https:\/\/mv2-istanbul.com\/wp-content\/uploads\/2025\/05\/Gemini_Generated_Image_7w5hc27w5hc27w5h-1024x1024.jpeg 1024w, https:\/\/mv2-istanbul.com\/wp-content\/uploads\/2025\/05\/Gemini_Generated_Image_7w5hc27w5hc27w5h-150x150.jpeg 150w, https:\/\/mv2-istanbul.com\/wp-content\/uploads\/2025\/05\/Gemini_Generated_Image_7w5hc27w5hc27w5h-768x768.jpeg 768w, https:\/\/mv2-istanbul.com\/wp-content\/uploads\/2025\/05\/Gemini_Generated_Image_7w5hc27w5hc27w5h-1536x1536.jpeg 1536w, https:\/\/mv2-istanbul.com\/wp-content\/uploads\/2025\/05\/Gemini_Generated_Image_7w5hc27w5hc27w5h-600x600.jpeg 600w, https:\/\/mv2-istanbul.com\/wp-content\/uploads\/2025\/05\/Gemini_Generated_Image_7w5hc27w5hc27w5h-100x100.jpeg 100w\" sizes=\"(max-width: 2048px) 100vw, 2048px\" \/>\t\t\t\t\t\t\t\t\t\t\t\t\t\t\t<\/div>\n\t\t\t\t<\/div>\n\t\t\t\t<div class=\"elementor-element elementor-element-5fd0f3a1 elementor-widget__width-auto elementor-absolute elementor-view-default elementor-widget elementor-widget-icon\" data-id=\"5fd0f3a1\" data-element_type=\"widget\" data-settings=\"{&quot;_position&quot;:&quot;absolute&quot;}\" data-widget_type=\"icon.default\">\n\t\t\t\t<div class=\"elementor-widget-container\">\n\t\t\t\t\t\t\t<div class=\"elementor-icon-wrapper\">\n\t\t\t<div class=\"elementor-icon\">\n\t\t\t<svg aria-hidden=\"true\" class=\"e-font-icon-svg e-fas-circle\" viewbox=\"0 0 512 512\" xmlns=\"http:\/\/www.w3.org\/2000\/svg\"><path d=\"M256 8C119 8 8 119 8 256s111 248 248 248 248-111 248-248S393 8 256 8z\"><\/path><\/svg>\t\t\t<\/div>\n\t\t<\/div>\n\t\t\t\t\t\t<\/div>\n\t\t\t\t<\/div>\n\t\t\t\t\t<\/div>\n\t\t<\/div>\n\t\t\t\t<div class=\"elementor-column elementor-col-50 elementor-top-column elementor-element elementor-element-111d9039\" data-id=\"111d9039\" data-element_type=\"column\">\n\t\t\t<div class=\"elementor-widget-wrap elementor-element-populated\">\n\t\t\t\t\t\t<div class=\"elementor-element elementor-element-5f5c8a29 elementor-widget elementor-widget-heading\" data-id=\"5f5c8a29\" data-element_type=\"widget\" data-widget_type=\"heading.default\">\n\t\t\t\t<div class=\"elementor-widget-container\">\n\t\t\t\t\t<h3 class=\"elementor-heading-title elementor-size-default\">Nous serions ravis de vous entendre !<\/h3>\t\t\t\t<\/div>\n\t\t\t\t<\/div>\n\t\t\t\t<div class=\"elementor-element elementor-element-75febdd6 elementor-widget elementor-widget-heading\" data-id=\"75febdd6\" data-element_type=\"widget\" data-widget_type=\"heading.default\">\n\t\t\t\t<div class=\"elementor-widget-container\">\n\t\t\t\t\t<h2 class=\"elementor-heading-title elementor-size-default\">Contact<\/h2>\t\t\t\t<\/div>\n\t\t\t\t<\/div>\n\t\t\t\t<div class=\"elementor-element elementor-element-6f1349f8 elementor-widget elementor-widget-text-editor\" data-id=\"6f1349f8\" data-element_type=\"widget\" data-widget_type=\"text-editor.default\">\n\t\t\t\t<div class=\"elementor-widget-container\">\n\t\t\t\t\t\t\t\t\tNous sommes l\u00e0 pour \u00e9couter vos besoins, r\u00e9pondre \u00e0 vos questions et communiquer avec vous. Il est tr\u00e8s facile de nous joindre afin d'\u00eatre plus proche de vous et de vous fournir le meilleur service.\t\t\t\t\t\t\t\t<\/div>\n\t\t\t\t<\/div>\n\t\t\t\t<div class=\"elementor-element elementor-element-3b54cf8 elementor-button-align-end elementor-widget elementor-widget-form\" data-id=\"3b54cf8\" data-element_type=\"widget\" data-settings=\"{&quot;step_next_label&quot;:&quot;\\u0130leri&quot;,&quot;step_previous_label&quot;:&quot;Geri&quot;,&quot;button_width&quot;:&quot;100&quot;,&quot;step_type&quot;:&quot;number_text&quot;,&quot;step_icon_shape&quot;:&quot;circle&quot;}\" data-widget_type=\"form.default\">\n\t\t\t\t<div class=\"elementor-widget-container\">\n\t\t\t\t\t\t\t<form class=\"elementor-form\" method=\"post\" name=\"New Form\" action=\"\">\n\t\t\t<input type=\"hidden\" name=\"post_id\" value=\"101\"\/>\n\t\t\t<input type=\"hidden\" name=\"form_id\" value=\"3b54cf8\"\/>\n\t\t\t<input type=\"hidden\" name=\"referer_title\" value=\"\" \/>\n\n\t\t\t\n\t\t\t<div class=\"elementor-form-fields-wrapper elementor-labels-\">\n\t\t\t\t\t\t\t\t<div class=\"elementor-field-type-text elementor-field-group elementor-column elementor-field-group-name elementor-col-50\">\n\t\t\t\t\t\t\t\t\t\t\t\t<label for=\"form-field-name\" class=\"elementor-field-label elementor-screen-only\">\n\t\t\t\t\t\t\t\tNom\t\t\t\t\t\t\t<\/label>\n\t\t\t\t\t\t\t\t\t\t\t\t\t\t<input size=\"1\" type=\"text\" name=\"form_fields[name]\" id=\"form-field-name\" class=\"elementor-field elementor-size-sm  elementor-field-textual\" placeholder=\"Nom\">\n\t\t\t\t\t\t\t\t\t\t\t<\/div>\n\t\t\t\t\t\t\t\t<div class=\"elementor-field-type-tel elementor-field-group elementor-column elementor-field-group-phone elementor-col-50 elementor-field-required\">\n\t\t\t\t\t\t\t\t\t\t\t\t<label for=\"form-field-phone\" class=\"elementor-field-label elementor-screen-only\">\n\t\t\t\t\t\t\t\tT\u00e9l\u00e9phone\t\t\t\t\t\t\t<\/label>\n\t\t\t\t\t\t\t\t<input size=\"1\" type=\"tel\" name=\"form_fields[phone]\" id=\"form-field-phone\" class=\"elementor-field elementor-size-sm  elementor-field-textual\" placeholder=\"T\u00e9l\u00e9phone\" required=\"required\" pattern=\"[0-9()#&amp;+*-=.]+\" title=\"Only numbers and phone characters (#, -, *, etc) are accepted.\">\n\n\t\t\t\t\t\t<\/div>\n\t\t\t\t\t\t\t\t<div class=\"elementor-field-type-email elementor-field-group elementor-column elementor-field-group-email elementor-col-100 elementor-field-required\">\n\t\t\t\t\t\t\t\t\t\t\t\t<label for=\"form-field-email\" class=\"elementor-field-label elementor-screen-only\">\n\t\t\t\t\t\t\t\tAdresse e-mail\t\t\t\t\t\t\t<\/label>\n\t\t\t\t\t\t\t\t\t\t\t\t\t\t<input size=\"1\" type=\"email\" name=\"form_fields[email]\" id=\"form-field-email\" class=\"elementor-field elementor-size-sm  elementor-field-textual\" placeholder=\"Adresse e-mail\" required=\"required\">\n\t\t\t\t\t\t\t\t\t\t\t<\/div>\n\t\t\t\t\t\t\t\t<div class=\"elementor-field-type-textarea elementor-field-group elementor-column elementor-field-group-message elementor-col-100\">\n\t\t\t\t\t\t\t\t\t\t\t\t<label for=\"form-field-message\" class=\"elementor-field-label elementor-screen-only\">\n\t\t\t\t\t\t\t\tMessage\t\t\t\t\t\t\t<\/label>\n\t\t\t\t\t\t<textarea class=\"elementor-field-textual elementor-field  elementor-size-sm\" name=\"form_fields[message]\" id=\"form-field-message\" rows=\"4\" placeholder=\"Message\"><\/textarea>\t\t\t\t<\/div>\n\t\t\t\t\t\t\t\t<div class=\"elementor-field-group elementor-column elementor-field-type-submit elementor-col-100 e-form__buttons\">\n\t\t\t\t\t<button class=\"elementor-button elementor-size-sm\" type=\"submit\">\n\t\t\t\t\t\t<span class=\"elementor-button-content-wrapper\">\n\t\t\t\t\t\t\t\t\t\t\t\t\t\t\t\t\t\t\t\t\t\t<span class=\"elementor-button-text\">Envoyer<\/span>\n\t\t\t\t\t\t\t\t\t\t\t\t\t<\/span>\n\t\t\t\t\t<\/button>\n\t\t\t\t<\/div>\n\t\t\t<\/div>\n\t\t<input type=\"hidden\" name=\"trp-form-language\" value=\"fr\"\/><\/form>\n\t\t\t\t\t\t<\/div>\n\t\t\t\t<\/div>\n\t\t\t\t\t<\/div>\n\t\t<\/div>\n\t\t\t\t\t<\/div>\n\t\t<\/section>\n\t\t\t\t<section class=\"elementor-section elementor-top-section elementor-element elementor-element-22d33ab9 elementor-section-boxed elementor-section-height-default elementor-section-height-default\" data-id=\"22d33ab9\" data-element_type=\"section\">\n\t\t\t\t\t\t<div class=\"elementor-container elementor-column-gap-default\">\n\t\t\t\t\t<div class=\"elementor-column elementor-col-33 elementor-top-column elementor-element elementor-element-6240415c\" data-id=\"6240415c\" data-element_type=\"column\">\n\t\t\t<div class=\"elementor-widget-wrap elementor-element-populated\">\n\t\t\t\t\t\t<div class=\"elementor-element elementor-element-650cd1a6 elementor-view-default elementor-position-top elementor-mobile-position-top elementor-widget elementor-widget-icon-box\" data-id=\"650cd1a6\" data-element_type=\"widget\" data-widget_type=\"icon-box.default\">\n\t\t\t\t<div class=\"elementor-widget-container\">\n\t\t\t\t\t\t\t<div class=\"elementor-icon-box-wrapper\">\n\n\t\t\t\t\t\t<div class=\"elementor-icon-box-icon\">\n\t\t\t\t<span  class=\"elementor-icon\">\n\t\t\t\t<svg xmlns=\"http:\/\/www.w3.org\/2000\/svg\" id=\"be3c90ee-e399-41c4-bc9e-e684b70caa86\" data-name=\"Layer 1\" width=\"55\" height=\"55\" viewbox=\"0 0 55 55\"><circle id=\"a841cdf1-141f-4918-9da0-b9d93a6fd9e1\" data-name=\"Oval\" cx=\"27.5\" cy=\"27.5\" r=\"27.5\" style=\"opacity:0.14662852883338928;isolation:isolate\"><\/circle><g id=\"b16dec3d-1a8f-4441-b017-d0c2ac4676c9\" data-name=\"&#xF0E0;\" style=\"isolation:isolate\"><g style=\"isolation:isolate\"><path d=\"M37,21.75a2.6546,2.6546,0,0,1-.4922,1.5166,4.7549,4.7549,0,0,1-1.2256,1.2354q-3.7764,2.622-4.7,3.2646-.1011.07-.4277.3066c-.2168.1573-.3984.2842-.542.3819s-.3184.206-.5225.3261a3.0541,3.0541,0,0,1-.5781.2715,1.6051,1.6051,0,0,1-.5019.09h-.02a1.6125,1.6125,0,0,1-.5019-.09,3.08,3.08,0,0,1-.5776-.2715c-.2041-.12-.3785-.2294-.5225-.3261s-.3247-.2246-.5425-.3819-.36-.26-.4267-.3066q-.9141-.643-2.6319-1.833T20.7275,24.502a4.9992,4.9992,0,0,1-1.1753-1.16A2.3465,2.3465,0,0,1,19,21.9707a2.0254,2.0254,0,0,1,.417-1.3057,1.4353,1.4353,0,0,1,1.19-.5224H35.3926A1.6206,1.6206,0,0,1,37,21.75Zm0,2.9531v7.9756a1.6138,1.6138,0,0,1-1.6074,1.6074H20.6069A1.6129,1.6129,0,0,1,19,32.6787V24.7031a5.33,5.33,0,0,0,1.0146.874q3.6358,2.4712,4.9922,3.4649.5721.4218.9292.6582a5.71,5.71,0,0,0,.9493.4824,2.8922,2.8922,0,0,0,1.1044.2461h.02a2.8968,2.8968,0,0,0,1.1054-.2461,5.7912,5.7912,0,0,0,.9493-.4824q.356-.2358.9287-.6582,1.7079-1.2348,5.0029-3.4649A5.5955,5.5955,0,0,0,37,24.7031Z\"><\/path><\/g><\/g><\/svg>\t\t\t\t<\/span>\n\t\t\t<\/div>\n\t\t\t\n\t\t\t\t\t\t<div class=\"elementor-icon-box-content\">\n\n\t\t\t\t\t\t\t\t\t<h4 class=\"elementor-icon-box-title\">\n\t\t\t\t\t\t<span  >\n\t\t\t\t\t\t\tContact E-Mail\t\t\t\t\t\t<\/span>\n\t\t\t\t\t<\/h4>\n\t\t\t\t\n\t\t\t\t\t\t\t\t\t<p class=\"elementor-icon-box-description\">\n\t\t\t\t\t\t<a href=\"mailto:catherine.varouchka@mv2-istanbul.com\">catherine.varouchka@mv2-istanbul.com<\/a>\n<a href=\"mailto:sebahattin.polat@mv2-istanbul.com\">sebahattin.polat@mv2-istanbul.com<\/a>\t\t\t\t\t<\/p>\n\t\t\t\t\n\t\t\t<\/div>\n\t\t\t\n\t\t<\/div>\n\t\t\t\t\t\t<\/div>\n\t\t\t\t<\/div>\n\t\t\t\t\t<\/div>\n\t\t<\/div>\n\t\t\t\t<div class=\"elementor-column elementor-col-33 elementor-top-column elementor-element elementor-element-12d1777e\" data-id=\"12d1777e\" data-element_type=\"column\">\n\t\t\t<div class=\"elementor-widget-wrap elementor-element-populated\">\n\t\t\t\t\t\t<div class=\"elementor-element elementor-element-66a8c5b0 elementor-view-default elementor-position-top elementor-mobile-position-top elementor-widget elementor-widget-icon-box\" data-id=\"66a8c5b0\" data-element_type=\"widget\" data-widget_type=\"icon-box.default\">\n\t\t\t\t<div class=\"elementor-widget-container\">\n\t\t\t\t\t\t\t<div class=\"elementor-icon-box-wrapper\">\n\n\t\t\t\t\t\t<div class=\"elementor-icon-box-icon\">\n\t\t\t\t<span  class=\"elementor-icon\">\n\t\t\t\t<svg xmlns=\"http:\/\/www.w3.org\/2000\/svg\" id=\"e1f12496-6c7d-45ac-87c8-65a0ce9dbfaf\" data-name=\"Layer 1\" width=\"55\" height=\"55\" viewbox=\"0 0 55 55\"><circle id=\"a3f3844e-23a0-483b-adaa-303f54dc92ff\" data-name=\"Oval\" cx=\"27.5\" cy=\"27.5\" r=\"27.5\" style=\"opacity:0.14662852883338928;isolation:isolate\"><\/circle><g id=\"b2c20179-3a0d-41e7-af6b-39c1cc079c40\" data-name=\"&#xF095;\" style=\"isolation:isolate\"><g style=\"isolation:isolate\"><path d=\"M35.7236,32.2654a3.8955,3.8955,0,0,1-.1159.8245,4.7067,4.7067,0,0,1-.2453.8,3.1325,3.1325,0,0,1-1.4264,1.2379,4.5229,4.5229,0,0,1-2.1715.5963,4.6466,4.6466,0,0,1-.62-.0409,4.7766,4.7766,0,0,1-.6712-.1465c-.2453-.0693-.4281-.1261-.5485-.1692s-.3373-.1227-.65-.24-.502-.1862-.5724-.21a10.6,10.6,0,0,1-2.0437-.9687,17.6478,17.6478,0,0,1-3.084-2.5235A17.6162,17.6162,0,0,1,21.0521,28.34a10.5611,10.5611,0,0,1-.97-2.0442q-.0349-.1039-.21-.5724-.1755-.4668-.24-.6474c-.0426-.1215-.0988-.3043-.1692-.55a4.8416,4.8416,0,0,1-.146-.6712,4.6546,4.6546,0,0,1-.0409-.619,4.5367,4.5367,0,0,1,.5957-2.1737,3.1311,3.1311,0,0,1,1.2385-1.4242,4.5067,4.5067,0,0,1,.8-.2453,3.8282,3.8282,0,0,1,.8234-.117.6448.6448,0,0,1,.2453.0352q.21.07.6189.887.1287.2232.351.6315c.1476.2725.2839.519.4088.7416s.2453.43.3617.6246c.0233.0318.0914.1283.2044.2919a3.37,3.37,0,0,1,.2516.4145.7771.7771,0,0,1,.0818.3339.9709.9709,0,0,1-.3334.5838,5.745,5.745,0,0,1-.724.6428,6.9555,6.9555,0,0,0-.7245.6189.89.89,0,0,0-.3328.5372.7755.7755,0,0,0,.0585.2623,2.3939,2.3939,0,0,0,.0994.24c.0272.0545.0817.1476.1635.2805s.1266.2067.134.2214a11.5672,11.5672,0,0,0,4.7779,4.7779c.0153.008.09.0534.222.1352s.226.1362.2805.1635a2.4186,2.4186,0,0,0,.24.0988.7929.7929,0,0,0,.2623.0579.8871.8871,0,0,0,.5372-.3327,7.1655,7.1655,0,0,0,.62-.7235,5.6572,5.6572,0,0,1,.6416-.7245.9658.9658,0,0,1,.5849-.3328.7556.7556,0,0,1,.3317.0818,3.2644,3.2644,0,0,1,.4156.251c.1636.1124.2612.18.2919.2044.1942.117.4032.2373.6246.3623s.4691.2612.7416.4088.4838.2646.6315.35q.8177.4089.8881.619A.6711.6711,0,0,1,35.7236,32.2654Z\"><\/path><\/g><\/g><\/svg>\t\t\t\t<\/span>\n\t\t\t<\/div>\n\t\t\t\n\t\t\t\t\t\t<div class=\"elementor-icon-box-content\">\n\n\t\t\t\t\t\t\t\t\t<h4 class=\"elementor-icon-box-title\">\n\t\t\t\t\t\t<span  >\n\t\t\t\t\t\t\tService client\u00e8le\t\t\t\t\t\t<\/span>\n\t\t\t\t\t<\/h4>\n\t\t\t\t\n\t\t\t\t\t\t\t\t\t<p class=\"elementor-icon-box-description\">\n\t\t\t\t\t\t<a href=\"tel: 90 551 198 1596\">+90 551 198 1596 <\/a>\t\t\t\t\t<\/p>\n\t\t\t\t\n\t\t\t<\/div>\n\t\t\t\n\t\t<\/div>\n\t\t\t\t\t\t<\/div>\n\t\t\t\t<\/div>\n\t\t\t\t\t<\/div>\n\t\t<\/div>\n\t\t\t\t<div class=\"elementor-column elementor-col-33 elementor-top-column elementor-element elementor-element-21075545\" data-id=\"21075545\" data-element_type=\"column\">\n\t\t\t<div class=\"elementor-widget-wrap elementor-element-populated\">\n\t\t\t\t\t\t<div class=\"elementor-element elementor-element-218b3c5d elementor-view-default elementor-position-top elementor-mobile-position-top elementor-widget elementor-widget-icon-box\" data-id=\"218b3c5d\" data-element_type=\"widget\" data-widget_type=\"icon-box.default\">\n\t\t\t\t<div class=\"elementor-widget-container\">\n\t\t\t\t\t\t\t<div class=\"elementor-icon-box-wrapper\">\n\n\t\t\t\t\t\t<div class=\"elementor-icon-box-icon\">\n\t\t\t\t<span  class=\"elementor-icon\">\n\t\t\t\t<svg xmlns=\"http:\/\/www.w3.org\/2000\/svg\" id=\"ac6d728d-48fe-43fb-86f5-d75044a9b24b\" data-name=\"Layer 1\" width=\"55\" height=\"55\" viewbox=\"0 0 55 55\"><circle id=\"a17c7365-8646-4a5d-99e0-a882a41213e6\" data-name=\"Oval\" cx=\"27.5\" cy=\"27.5\" r=\"27.5\" style=\"opacity:0.14662852883338928;isolation:isolate\"><\/circle><g id=\"a4611b86-9931-4693-ac02-79f8123a9a20\" data-name=\"newspaper-solid\"><path id=\"ad50a1da-9f62-4895-9b3e-58278301939f\" data-name=\"Shape\" d=\"M38.125,20H21.2083a.875.875,0,0,0-.875.875v.2917H18.875a.8749.8749,0,0,0-.875.875v9.9166A2.0417,2.0417,0,0,0,20.0417,34H37.25A1.75,1.75,0,0,0,39,32.25V20.875A.8749.8749,0,0,0,38.125,20ZM20.0417,32.25a.2917.2917,0,0,1-.2917-.2917V22.9167h.5833v9.0416A.2917.2917,0,0,1,20.0417,32.25Zm8.6041-.5833H23.1042a.4375.4375,0,0,1-.4375-.4375v-.2917a.4375.4375,0,0,1,.4375-.4375h5.5416a.4375.4375,0,0,1,.4375.4375v.2917A.4375.4375,0,0,1,28.6458,31.6667Zm7.5834,0H30.6875a.4375.4375,0,0,1-.4375-.4375v-.2917a.4375.4375,0,0,1,.4375-.4375h5.5417a.4375.4375,0,0,1,.4375.4375v.2917A.4375.4375,0,0,1,36.2292,31.6667Zm-7.5834-3.5H23.1042a.4375.4375,0,0,1-.4375-.4375v-.2917A.4375.4375,0,0,1,23.1042,27h5.5416a.4375.4375,0,0,1,.4375.4375v.2917A.4375.4375,0,0,1,28.6458,28.1667Zm7.5834,0H30.6875a.4375.4375,0,0,1-.4375-.4375v-.2917A.4375.4375,0,0,1,30.6875,27h5.5417a.4375.4375,0,0,1,.4375.4375v.2917A.4375.4375,0,0,1,36.2292,28.1667Zm0-3.5H23.1042a.4375.4375,0,0,1-.4375-.4375V22.7708a.4375.4375,0,0,1,.4375-.4375h13.125a.4375.4375,0,0,1,.4375.4375v1.4584A.4375.4375,0,0,1,36.2292,24.6667Z\"><\/path><\/g><\/svg>\t\t\t\t<\/span>\n\t\t\t<\/div>\n\t\t\t\n\t\t\t\t\t\t<div class=\"elementor-icon-box-content\">\n\n\t\t\t\t\t\t\t\t\t<h4 class=\"elementor-icon-box-title\">\n\t\t\t\t\t\t<span  >\n\t\t\t\t\t\t\tAdresse\t\t\t\t\t\t<\/span>\n\t\t\t\t\t<\/h4>\n\t\t\t\t\n\t\t\t\t\t\t\t\t\t<p class=\"elementor-icon-box-description\">\n\t\t\t\t\t\t\u0130stanbul, T\u00fcrkiye\t\t\t\t\t<\/p>\n\t\t\t\t\n\t\t\t<\/div>\n\t\t\t\n\t\t<\/div>\n\t\t\t\t\t\t<\/div>\n\t\t\t\t<\/div>\n\t\t\t\t\t<\/div>\n\t\t<\/div>\n\t\t\t\t\t<\/div>\n\t\t<\/section>\n\t\t\t\t<\/div>","protected":false},"excerpt":{"rendered":"<p>Bizimle \u0130rtibata Ge\u00e7in Yard\u0131mc\u0131 Olmak \u0130\u00e7in Buraday\u0131z! Sizleri Dinlemeyi \u00c7ok \u0130steriz! \u0130leti\u015fim \u0130htiya\u00e7lar\u0131n\u0131z\u0131 dinlemek, sorular\u0131n\u0131za cevap vermek ve sizinle ileti\u015fim kurmak i\u00e7in buraday\u0131z. Sizlerle daha yak\u0131n olabilmek ve size en iyi hizmeti sunabilmek ad\u0131na bize ula\u015fmak \u00e7ok kolay. \u0130leti\u015fim E-Posta catherine.varouchka@mv2-istanbul.com sebahattin.polat@mv2-istanbul.com M\u00fc\u015fteri Hizmetleri +90 551 198 1596 Adres \u0130stanbul, T\u00fcrkiye<\/p>","protected":false},"author":1,"featured_media":108,"parent":0,"menu_order":0,"comment_status":"closed","ping_status":"closed","template":"elementor_header_footer","meta":{"footnotes":""},"class_list":["post-101","page","type-page","status-publish","has-post-thumbnail","hentry"],"_links":{"self":[{"href":"https:\/\/mv2-istanbul.com\/fr\/wp-json\/wp\/v2\/pages\/101","targetHints":{"allow":["GET"]}}],"collection":[{"href":"https:\/\/mv2-istanbul.com\/fr\/wp-json\/wp\/v2\/pages"}],"about":[{"href":"https:\/\/mv2-istanbul.com\/fr\/wp-json\/wp\/v2\/types\/page"}],"author":[{"embeddable":true,"href":"https:\/\/mv2-istanbul.com\/fr\/wp-json\/wp\/v2\/users\/1"}],"replies":[{"embeddable":true,"href":"https:\/\/mv2-istanbul.com\/fr\/wp-json\/wp\/v2\/comments?post=101"}],"version-history":[{"count":50,"href":"https:\/\/mv2-istanbul.com\/fr\/wp-json\/wp\/v2\/pages\/101\/revisions"}],"predecessor-version":[{"id":1453,"href":"https:\/\/mv2-istanbul.com\/fr\/wp-json\/wp\/v2\/pages\/101\/revisions\/1453"}],"wp:featuredmedia":[{"embeddable":true,"href":"https:\/\/mv2-istanbul.com\/fr\/wp-json\/wp\/v2\/media\/108"}],"wp:attachment":[{"href":"https:\/\/mv2-istanbul.com\/fr\/wp-json\/wp\/v2\/media?parent=101"}],"curies":[{"name":"wp","href":"https:\/\/api.w.org\/{rel}","templated":true}]}}