{"id":113,"date":"2024-02-21T23:47:54","date_gmt":"2024-02-21T23:47:54","guid":{"rendered":"https:\/\/mv2-istanbul.com\/about\/"},"modified":"2025-05-13T21:30:55","modified_gmt":"2025-05-13T21:30:55","slug":"hakkimizda","status":"publish","type":"page","link":"https:\/\/mv2-istanbul.com\/fr\/hakkimizda\/","title":{"rendered":"\u00c0 propos de nous"},"content":{"rendered":"<div data-elementor-type=\"wp-page\" data-elementor-id=\"113\" class=\"elementor elementor-113\" data-elementor-post-type=\"page\">\n\t\t\t\t\t\t<section class=\"elementor-section elementor-top-section elementor-element elementor-element-227c1512 elementor-section-height-min-height elementor-section-items-stretch elementor-section-boxed elementor-section-height-default\" data-id=\"227c1512\" data-element_type=\"section\">\n\t\t\t\t\t\t<div class=\"elementor-container elementor-column-gap-default\">\n\t\t\t\t\t<div class=\"elementor-column elementor-col-50 elementor-top-column elementor-element elementor-element-369b7fc8\" data-id=\"369b7fc8\" data-element_type=\"column\">\n\t\t\t<div class=\"elementor-widget-wrap elementor-element-populated\">\n\t\t\t\t\t\t<div class=\"elementor-element elementor-element-717b5831 elementor-widget elementor-widget-heading\" data-id=\"717b5831\" data-element_type=\"widget\" data-widget_type=\"heading.default\">\n\t\t\t\t<div class=\"elementor-widget-container\">\n\t\t\t\t\t<h3 class=\"elementor-heading-title elementor-size-default\">\u00c0 propos de nous<\/h3>\t\t\t\t<\/div>\n\t\t\t\t<\/div>\n\t\t\t\t<div class=\"elementor-element elementor-element-7c823eee elementor-widget elementor-widget-heading\" data-id=\"7c823eee\" data-element_type=\"widget\" data-widget_type=\"heading.default\">\n\t\t\t\t<div class=\"elementor-widget-container\">\n\t\t\t\t\t<h1 class=\"elementor-heading-title elementor-size-default\">MV2 Istanbul : Votre cl\u00e9 pour un shopping rempli d'opportunit\u00e9s<\/h1>\t\t\t\t<\/div>\n\t\t\t\t<\/div>\n\t\t\t\t\t<\/div>\n\t\t<\/div>\n\t\t\t\t<div class=\"elementor-column elementor-col-50 elementor-top-column elementor-element elementor-element-589588a6\" data-id=\"589588a6\" data-element_type=\"column\">\n\t\t\t<div class=\"elementor-widget-wrap elementor-element-populated\">\n\t\t\t\t\t\t<div class=\"elementor-element elementor-element-69dfc439 elementor-widget__width-auto elementor-absolute elementor-view-default elementor-widget elementor-widget-icon\" data-id=\"69dfc439\" data-element_type=\"widget\" data-settings=\"{&quot;_position&quot;:&quot;absolute&quot;}\" data-widget_type=\"icon.default\">\n\t\t\t\t<div class=\"elementor-widget-container\">\n\t\t\t\t\t\t\t<div class=\"elementor-icon-wrapper\">\n\t\t\t<div class=\"elementor-icon\">\n\t\t\t<svg xmlns=\"http:\/\/www.w3.org\/2000\/svg\" id=\"bd9a937a-60f3-4c44-ad7c-dcb28e2de4ed\" data-name=\"Layer 1\" width=\"1216\" height=\"1216\" viewbox=\"0 0 1216 1216\"><g id=\"a8d78863-61ea-4b6b-9902-1eb669df0752\" data-name=\"Design\"><path id=\"bb8d365d-81e6-4e2d-abba-4e6b80f1088f\" data-name=\"Oval\" d=\"M608,0C272.2109,0,0,272.2109,0,608s272.2109,608,608,608,608-272.2109,608-608S943.7891,0,608,0Zm0,80c291.6063,0,528,236.3936,528,528s-236.3937,528-528,528S80,899.6063,80,608,316.3936,80,608,80Z\"><\/path><\/g><\/svg>\t\t\t<\/div>\n\t\t<\/div>\n\t\t\t\t\t\t<\/div>\n\t\t\t\t<\/div>\n\t\t\t\t\t<\/div>\n\t\t<\/div>\n\t\t\t\t\t<\/div>\n\t\t<\/section>\n\t\t<div class=\"elementor-element elementor-element-29a7a86 e-flex e-con-boxed e-con e-parent\" data-id=\"29a7a86\" data-element_type=\"container\">\n\t\t\t\t\t<div class=\"e-con-inner\">\n\t\t\t\t<div class=\"elementor-element elementor-element-8302a24 elementor-widget elementor-widget-text-editor\" data-id=\"8302a24\" data-element_type=\"widget\" data-widget_type=\"text-editor.default\">\n\t\t\t\t<div class=\"elementor-widget-container\">\n\t\t\t\t\t\t\t\t\t<p data-sourcepos=\"5:1-5:8\"><strong>Bonjour,<\/strong><\/p><p data-sourcepos=\"7:1-7:57\"><strong>Je suis Katrina, la fondatrice de la toute nouvelle MV2 Istanbul. \ud83d\ude0a<\/strong><\/p><p data-sourcepos=\"9:1-9:239\"><strong>Nous aidons les magasins et les usines \u00e0 liquider rapidement et facilement leurs stocks invendus.Nous collaborons en permanence avec des vendeurs et des acheteurs en gros \u00e0 la recherche de produits abordables et de qualit\u00e9.<\/strong><\/p><p data-sourcepos=\"11:1-11:179\"><strong>Notre objectif est de vous aider \u00e0 valoriser rapidement et discr\u00e8tement vos stocks dormants.<\/strong><\/p><p data-sourcepos=\"19:1-19:179\"><strong>Nous aimerions en discuter plus en d\u00e9tail avec vous.Nous pouvons vous appeler \u00e0 un moment qui vous convient.Je parle anglais et fran\u00e7ais, mais mon associ\u00e9 peut communiquer en turc.<\/strong><\/p><p data-sourcepos=\"21:1-21:44\"><strong>J\u2019attends votre r\u00e9ponse et vos \u00e9ventuelles questions avec impatience.<\/strong><\/p><p data-sourcepos=\"21:1-21:44\"><strong>Prenez soin de vous.<\/strong><\/p><p data-sourcepos=\"23:1-23:13\"><strong>Cordialement.<\/strong><br \/><br \/><\/p>\t\t\t\t\t\t\t\t<\/div>\n\t\t\t\t<\/div>\n\t\t\t\t\t<\/div>\n\t\t\t\t<\/div>\n\t\t\t\t<section class=\"elementor-section elementor-top-section elementor-element elementor-element-a36afe8 elementor-section-height-min-height elementor-section-items-stretch elementor-reverse-mobile elementor-section-boxed elementor-section-height-default\" data-id=\"a36afe8\" data-element_type=\"section\">\n\t\t\t\t\t\t<div class=\"elementor-container elementor-column-gap-default\">\n\t\t\t\t\t<div class=\"elementor-column elementor-col-50 elementor-top-column elementor-element elementor-element-a60b987\" data-id=\"a60b987\" data-element_type=\"column\">\n\t\t\t<div class=\"elementor-widget-wrap elementor-element-populated\">\n\t\t\t\t\t\t<div class=\"elementor-element elementor-element-e9820c7 elementor-widget elementor-widget-heading\" data-id=\"e9820c7\" data-element_type=\"widget\" data-widget_type=\"heading.default\">\n\t\t\t\t<div class=\"elementor-widget-container\">\n\t\t\t\t\t<h3 class=\"elementor-heading-title elementor-size-default\">\u00c0 propos de nous<\/h3>\t\t\t\t<\/div>\n\t\t\t\t<\/div>\n\t\t\t\t<div class=\"elementor-element elementor-element-43fcedf elementor-widget elementor-widget-text-editor\" data-id=\"43fcedf\" data-element_type=\"widget\" data-widget_type=\"text-editor.default\">\n\t\t\t\t<div class=\"elementor-widget-container\">\n\t\t\t\t\t\t\t\t\t<p>MV2 Istanbul est votre raccourci vers les opportunit\u00e9s les plus rentables de Turquie \u2013 tout en un seul endroit !<\/p><p>Nous nous occupons de la recherche, de l'approvisionnement et du tri \u2013 pour que vous n'ayez pas \u00e0 le faire.Des tr\u00e9sors cach\u00e9s aux stocks exclusifs, nous s\u00e9lectionnons soigneusement les meilleures opportunit\u00e9s de gros en Turquie.<\/p><p>Que vous soyez vendeur, propri\u00e9taire de magasin ou entrepreneur ambitieux, nous sommes l\u00e0 pour vous faire gagner du temps, r\u00e9duire vos co\u00fbts et augmenter vos marges.<\/p>\t\t\t\t\t\t\t\t<\/div>\n\t\t\t\t<\/div>\n\t\t\t\t\t<\/div>\n\t\t<\/div>\n\t\t\t\t<div class=\"elementor-column elementor-col-50 elementor-top-column elementor-element elementor-element-ef9e60c\" data-id=\"ef9e60c\" data-element_type=\"column\">\n\t\t\t<div class=\"elementor-widget-wrap elementor-element-populated\">\n\t\t\t\t\t\t<div class=\"elementor-element elementor-element-7584fa7 elementor-widget elementor-widget-image\" data-id=\"7584fa7\" data-element_type=\"widget\" data-widget_type=\"image.default\">\n\t\t\t\t<div class=\"elementor-widget-container\">\n\t\t\t\t\t\t\t\t\t\t\t\t\t\t\t<img fetchpriority=\"high\" decoding=\"async\" width=\"2048\" height=\"2048\" src=\"https:\/\/mv2-istanbul.com\/wp-content\/uploads\/2025\/05\/Gemini_Generated_Image_510k0z510k0z510k.jpeg\" class=\"attachment-full size-full wp-image-1407\" alt=\"\" srcset=\"https:\/\/mv2-istanbul.com\/wp-content\/uploads\/2025\/05\/Gemini_Generated_Image_510k0z510k0z510k.jpeg 2048w, https:\/\/mv2-istanbul.com\/wp-content\/uploads\/2025\/05\/Gemini_Generated_Image_510k0z510k0z510k-300x300.jpeg 300w, https:\/\/mv2-istanbul.com\/wp-content\/uploads\/2025\/05\/Gemini_Generated_Image_510k0z510k0z510k-1024x1024.jpeg 1024w, https:\/\/mv2-istanbul.com\/wp-content\/uploads\/2025\/05\/Gemini_Generated_Image_510k0z510k0z510k-150x150.jpeg 150w, https:\/\/mv2-istanbul.com\/wp-content\/uploads\/2025\/05\/Gemini_Generated_Image_510k0z510k0z510k-768x768.jpeg 768w, https:\/\/mv2-istanbul.com\/wp-content\/uploads\/2025\/05\/Gemini_Generated_Image_510k0z510k0z510k-1536x1536.jpeg 1536w, https:\/\/mv2-istanbul.com\/wp-content\/uploads\/2025\/05\/Gemini_Generated_Image_510k0z510k0z510k-600x600.jpeg 600w, https:\/\/mv2-istanbul.com\/wp-content\/uploads\/2025\/05\/Gemini_Generated_Image_510k0z510k0z510k-100x100.jpeg 100w\" sizes=\"(max-width: 2048px) 100vw, 2048px\" \/>\t\t\t\t\t\t\t\t\t\t\t\t\t\t\t<\/div>\n\t\t\t\t<\/div>\n\t\t\t\t\t<\/div>\n\t\t<\/div>\n\t\t\t\t\t<\/div>\n\t\t<\/section>\n\t\t\t\t<section class=\"elementor-section elementor-top-section elementor-element elementor-element-51ba2b0a elementor-section-height-min-height elementor-section-items-stretch elementor-section-boxed elementor-section-height-default\" data-id=\"51ba2b0a\" data-element_type=\"section\">\n\t\t\t\t\t\t<div class=\"elementor-container elementor-column-gap-default\">\n\t\t\t\t\t<div class=\"elementor-column elementor-col-50 elementor-top-column elementor-element elementor-element-c866459\" data-id=\"c866459\" data-element_type=\"column\">\n\t\t\t<div class=\"elementor-widget-wrap elementor-element-populated\">\n\t\t\t\t\t\t<div class=\"elementor-element elementor-element-c7441bf elementor-widget elementor-widget-image\" data-id=\"c7441bf\" data-element_type=\"widget\" data-widget_type=\"image.default\">\n\t\t\t\t<div class=\"elementor-widget-container\">\n\t\t\t\t\t\t\t\t\t\t\t\t\t\t\t<img decoding=\"async\" width=\"2048\" height=\"2048\" src=\"https:\/\/mv2-istanbul.com\/wp-content\/uploads\/2025\/05\/Gemini_Generated_Image_pcyc35pcyc35pcyc.jpeg\" class=\"attachment-full size-full wp-image-1403\" alt=\"\" srcset=\"https:\/\/mv2-istanbul.com\/wp-content\/uploads\/2025\/05\/Gemini_Generated_Image_pcyc35pcyc35pcyc.jpeg 2048w, https:\/\/mv2-istanbul.com\/wp-content\/uploads\/2025\/05\/Gemini_Generated_Image_pcyc35pcyc35pcyc-300x300.jpeg 300w, https:\/\/mv2-istanbul.com\/wp-content\/uploads\/2025\/05\/Gemini_Generated_Image_pcyc35pcyc35pcyc-1024x1024.jpeg 1024w, https:\/\/mv2-istanbul.com\/wp-content\/uploads\/2025\/05\/Gemini_Generated_Image_pcyc35pcyc35pcyc-150x150.jpeg 150w, https:\/\/mv2-istanbul.com\/wp-content\/uploads\/2025\/05\/Gemini_Generated_Image_pcyc35pcyc35pcyc-768x768.jpeg 768w, https:\/\/mv2-istanbul.com\/wp-content\/uploads\/2025\/05\/Gemini_Generated_Image_pcyc35pcyc35pcyc-1536x1536.jpeg 1536w, https:\/\/mv2-istanbul.com\/wp-content\/uploads\/2025\/05\/Gemini_Generated_Image_pcyc35pcyc35pcyc-600x600.jpeg 600w, https:\/\/mv2-istanbul.com\/wp-content\/uploads\/2025\/05\/Gemini_Generated_Image_pcyc35pcyc35pcyc-100x100.jpeg 100w\" sizes=\"(max-width: 2048px) 100vw, 2048px\" \/>\t\t\t\t\t\t\t\t\t\t\t\t\t\t\t<\/div>\n\t\t\t\t<\/div>\n\t\t\t\t\t<\/div>\n\t\t<\/div>\n\t\t\t\t<div class=\"elementor-column elementor-col-50 elementor-top-column elementor-element elementor-element-56412029\" data-id=\"56412029\" data-element_type=\"column\">\n\t\t\t<div class=\"elementor-widget-wrap elementor-element-populated\">\n\t\t\t\t\t\t<div class=\"elementor-element elementor-element-58507a97 elementor-widget elementor-widget-heading\" data-id=\"58507a97\" data-element_type=\"widget\" data-widget_type=\"heading.default\">\n\t\t\t\t<div class=\"elementor-widget-container\">\n\t\t\t\t\t<h3 class=\"elementor-heading-title elementor-size-default\">La cl\u00e9 des opportunit\u00e9s<\/h3>\t\t\t\t<\/div>\n\t\t\t\t<\/div>\n\t\t\t\t<div class=\"elementor-element elementor-element-5b2b33cb elementor-widget elementor-widget-heading\" data-id=\"5b2b33cb\" data-element_type=\"widget\" data-widget_type=\"heading.default\">\n\t\t\t\t<div class=\"elementor-widget-container\">\n\t\t\t\t\t<h1 class=\"elementor-heading-title elementor-size-default\">Pourquoi nous ?<\/h1>\t\t\t\t<\/div>\n\t\t\t\t<\/div>\n\t\t\t\t<div class=\"elementor-element elementor-element-219f3a23 elementor-widget elementor-widget-text-editor\" data-id=\"219f3a23\" data-element_type=\"widget\" data-widget_type=\"text-editor.default\">\n\t\t\t\t<div class=\"elementor-widget-container\">\n\t\t\t\t\t\t\t\t\t<ol><li><p data-sourcepos=\"5:3-5:57\"><strong>Des opportunit\u00e9s soigneusement s\u00e9lectionn\u00e9es de toute la Turquie :<\/strong><\/p><ul data-sourcepos=\"6:5-7:0\"><li data-sourcepos=\"6:5-7:0\">Nous rassemblons avec soin des opportunit\u00e9s sp\u00e9ciales alliant qualit\u00e9 et valeur, propos\u00e9es par des vendeurs et marques de confiance \u00e0 travers tout le pays.D\u00e9couvrez les produits uniques et les charmes de chaque r\u00e9gion !<br \/><br \/><\/li><\/ul><\/li><li><p data-sourcepos=\"8:3-8:37\"><strong>Une plateforme, des possibilit\u00e9s infinies :<\/strong><\/p><ul data-sourcepos=\"9:5-10:0\"><li data-sourcepos=\"9:5-10:0\">Nous proposons une large gamme de produits et services sous un m\u00eame toit pour r\u00e9pondre \u00e0 tous les besoins et pr\u00e9f\u00e9rences.Des v\u00eatements aux articles pour la maison, des accessoires aux exp\u00e9riences uniques \u2013 trouvez tout ce que vous cherchez facilement.<br \/><br \/><\/li><\/ul><\/li><li><p data-sourcepos=\"11:3-11:27\"><strong>Large gamme de produits :<\/strong><\/p><ul data-sourcepos=\"12:5-13:0\"><li data-sourcepos=\"12:5-13:0\">Des milliers de produits vous attendent dans nos cat\u00e9gories hommes, femmes, enfants, maison et accessoires.Nous enrichissons votre exp\u00e9rience d\u2019achat avec des options pour tous les styles \u2013 des derni\u00e8res tendances aux designs intemporels.<br \/><br \/><\/li><\/ul><\/li><li><p data-sourcepos=\"17:3-17:22\"><strong>Soutien \u00e0 la client\u00e8le :<\/strong><\/p><ul data-sourcepos=\"18:5-19:0\"><li data-sourcepos=\"18:5-19:0\">Notre \u00e9quipe d\u2019assistance client\u00e8le exp\u00e9riment\u00e9e et serviable est toujours l\u00e0 pour r\u00e9pondre \u00e0 vos questions, suggestions ou probl\u00e8mes.Nous sommes l\u00e0 pour vous offrir la meilleure exp\u00e9rience d\u2019achat possible.<\/li><\/ul><\/li><\/ol>\t\t\t\t\t\t\t\t<\/div>\n\t\t\t\t<\/div>\n\t\t\t\t\t<\/div>\n\t\t<\/div>\n\t\t\t\t\t<\/div>\n\t\t<\/section>\n\t\t\t\t<\/div>","protected":false},"excerpt":{"rendered":"<p>Hakk\u0131m\u0131zda MV2 \u0130stanbul: F\u0131rsatlarla Dolu Al\u0131\u015fveri\u015fin Anahtar\u0131 Merhaba, Ben Katrina, yeni kurulan MV2 \u0130stanbul&#8217;un kurucusuyum. \ud83d\ude0a Ma\u011fazalar\u0131n ve fabrikalar\u0131n ellerinde kalan, sat\u0131lmayan stoklar\u0131n\u0131 h\u0131zl\u0131 ve kolay bir \u015fekilde elden \u00e7\u0131karmalar\u0131na yard\u0131mc\u0131 oluyoruz. S\u00fcrekli olarak uygun fiyatl\u0131, kaliteli \u00fcr\u00fcnler arayan sat\u0131c\u0131lar ve toptan al\u0131c\u0131larla i\u015f birli\u011fi yap\u0131yoruz. Amac\u0131m\u0131z, at\u0131l durumdaki envanterinizi h\u0131zl\u0131 ve gizli bir \u015fekilde [&hellip;]<\/p>","protected":false},"author":1,"featured_media":118,"parent":0,"menu_order":0,"comment_status":"closed","ping_status":"closed","template":"elementor_header_footer","meta":{"footnotes":""},"class_list":["post-113","page","type-page","status-publish","has-post-thumbnail","hentry"],"_links":{"self":[{"href":"https:\/\/mv2-istanbul.com\/fr\/wp-json\/wp\/v2\/pages\/113","targetHints":{"allow":["GET"]}}],"collection":[{"href":"https:\/\/mv2-istanbul.com\/fr\/wp-json\/wp\/v2\/pages"}],"about":[{"href":"https:\/\/mv2-istanbul.com\/fr\/wp-json\/wp\/v2\/types\/page"}],"author":[{"embeddable":true,"href":"https:\/\/mv2-istanbul.com\/fr\/wp-json\/wp\/v2\/users\/1"}],"replies":[{"embeddable":true,"href":"https:\/\/mv2-istanbul.com\/fr\/wp-json\/wp\/v2\/comments?post=113"}],"version-history":[{"count":29,"href":"https:\/\/mv2-istanbul.com\/fr\/wp-json\/wp\/v2\/pages\/113\/revisions"}],"predecessor-version":[{"id":1424,"href":"https:\/\/mv2-istanbul.com\/fr\/wp-json\/wp\/v2\/pages\/113\/revisions\/1424"}],"wp:featuredmedia":[{"embeddable":true,"href":"https:\/\/mv2-istanbul.com\/fr\/wp-json\/wp\/v2\/media\/118"}],"wp:attachment":[{"href":"https:\/\/mv2-istanbul.com\/fr\/wp-json\/wp\/v2\/media?parent=113"}],"curies":[{"name":"wp","href":"https:\/\/api.w.org\/{rel}","templated":true}]}}