{"id":837,"date":"2024-02-24T14:40:55","date_gmt":"2024-02-24T14:40:55","guid":{"rendered":"https:\/\/mv2-istanbul.com\/?post_type=product&#038;p=837"},"modified":"2025-05-13T18:33:17","modified_gmt":"2025-05-13T18:33:17","slug":"league-of-legends-1675-rp","status":"publish","type":"product","link":"https:\/\/mv2-istanbul.com\/fr\/product\/league-of-legends-1675-rp\/","title":{"rendered":"&#8220;Viking&#8221; Deri Bot"},"content":{"rendered":"<p>El i\u015f\u00e7ili\u011fiyle \u00fcretilmi\u015f &#8220;Viking&#8221; deri botlar, \u00fcst\u00fcn kaliteli derisi ve sa\u011flam yap\u0131s\u0131yla uzun \u00f6m\u00fcrl\u00fc kullan\u0131m sunar. Su ge\u00e7irmez \u00f6zelli\u011fi sayesinde her t\u00fcrl\u00fc hava ko\u015fulunda ayaklar\u0131n\u0131z\u0131 kuru tutarken, \u015f\u0131k ve otantik tasar\u0131m\u0131yla tarz\u0131n\u0131z\u0131 tamamlar. Zorlu arazi ko\u015fullar\u0131nda dahi g\u00fcvenle ad\u0131m atman\u0131z\u0131 sa\u011flayan bu botlar, konfor ve dayan\u0131kl\u0131l\u0131\u011f\u0131 bir arada arayan erkekler i\u00e7in ideal bir se\u00e7imdir.<\/p>","protected":false},"excerpt":{"rendered":"<p>Dayan\u0131kl\u0131, su ge\u00e7irmez ve \u015f\u0131k tasar\u0131ml\u0131 el yap\u0131m\u0131 deri bot. Zorlu ko\u015fullara meydan okuyun.<\/p>","protected":false},"featured_media":1351,"comment_status":"open","ping_status":"closed","template":"","meta":[],"product_brand":[],"product_cat":[23,55],"product_tag":[],"class_list":{"0":"post-837","1":"product","2":"type-product","3":"status-publish","4":"has-post-thumbnail","6":"product_cat-tum-urunler","7":"product_cat-erkek","9":"first","10":"instock","11":"sale","12":"virtual","13":"purchasable","14":"product-type-simple"},"_links":{"self":[{"href":"https:\/\/mv2-istanbul.com\/fr\/wp-json\/wp\/v2\/product\/837","targetHints":{"allow":["GET"]}}],"collection":[{"href":"https:\/\/mv2-istanbul.com\/fr\/wp-json\/wp\/v2\/product"}],"about":[{"href":"https:\/\/mv2-istanbul.com\/fr\/wp-json\/wp\/v2\/types\/product"}],"replies":[{"embeddable":true,"href":"https:\/\/mv2-istanbul.com\/fr\/wp-json\/wp\/v2\/comments?post=837"}],"wp:featuredmedia":[{"embeddable":true,"href":"https:\/\/mv2-istanbul.com\/fr\/wp-json\/wp\/v2\/media\/1351"}],"wp:attachment":[{"href":"https:\/\/mv2-istanbul.com\/fr\/wp-json\/wp\/v2\/media?parent=837"}],"wp:term":[{"taxonomy":"product_brand","embeddable":true,"href":"https:\/\/mv2-istanbul.com\/fr\/wp-json\/wp\/v2\/product_brand?post=837"},{"taxonomy":"product_cat","embeddable":true,"href":"https:\/\/mv2-istanbul.com\/fr\/wp-json\/wp\/v2\/product_cat?post=837"},{"taxonomy":"product_tag","embeddable":true,"href":"https:\/\/mv2-istanbul.com\/fr\/wp-json\/wp\/v2\/product_tag?post=837"}],"curies":[{"name":"wp","href":"https:\/\/api.w.org\/{rel}","templated":true}]}}